{"id":489,"date":"2025-06-19T14:56:00","date_gmt":"2025-06-19T11:56:00","guid":{"rendered":"https:\/\/www.lassenoy.fi\/?page_id=489"},"modified":"2025-10-30T08:28:58","modified_gmt":"2025-10-30T06:28:58","slug":"denkenlassen","status":"publish","type":"page","link":"https:\/\/www.lassenoy.fi\/?page_id=489","title":{"rendered":"DenkenLassen"},"content":{"rendered":"<div data-colibri-id=\"489-c1\" class=\"style-271 style-local-489-c1 position-relative\">\n  <!---->\n  <div data-colibri-component=\"section\" data-colibri-id=\"489-c2\" id=\"custom\" class=\"h-section h-section-global-spacing d-flex align-items-lg-center align-items-md-center align-items-center style-272 style-local-489-c2 position-relative\">\n    <!---->\n    <!---->\n    <div class=\"h-section-grid-container h-section-boxed-container\">\n      <!---->\n      <div data-colibri-id=\"489-c3\" class=\"h-row-container gutters-row-lg-2 gutters-row-md-2 gutters-row-0 gutters-row-v-lg-2 gutters-row-v-md-2 gutters-row-v-2 style-273 style-local-489-c3 position-relative\">\n        <!---->\n        <div class=\"h-row justify-content-lg-center justify-content-md-center justify-content-center align-items-lg-stretch align-items-md-stretch align-items-stretch gutters-col-lg-2 gutters-col-md-2 gutters-col-0 gutters-col-v-lg-2 gutters-col-v-md-2 gutters-col-v-2\">\n          <!---->\n          <div class=\"h-column h-column-container d-flex h-col-lg-auto h-col-md-auto h-col-auto style-274-outer style-local-489-c4-outer\">\n            <div data-colibri-id=\"489-c4\" class=\"d-flex h-flex-basis h-column__inner h-px-lg-2 h-px-md-2 h-px-2 v-inner-lg-2 v-inner-md-2 v-inner-2 style-274 style-local-489-c4 position-relative\">\n              <!---->\n              <!---->\n              <div class=\"w-100 h-y-container h-column__content h-column__v-align flex-basis-100 align-self-lg-start align-self-md-start align-self-start\">\n                <!---->\n                <div data-colibri-id=\"489-c5\" class=\"h-text h-text-component style-275 style-local-489-c5 position-relative h-element\">\n                  <!---->\n                  <!---->\n                  <div class=\"\">\n                    <p>Ihmisill\u00e4 on lukuisia ja hyvin erilaisia syit\u00e4 pohtia asioita. Helpointa ja mukavinta on pohdiskelu toisen ihmisen kanssa.<\/p>\n                    <p>Tapaat filosofin yst\u00e4v\u00e4n\u00e4, kuin vanhana tuttuna, jonka kanssa on mukava jutustella. Voit tuoda mukanasi ongelman tai haasteen. Ehk\u00e4 pulmasi ratkeaa tai h\u00e4vi\u00e4\u00e4. Pohdiskelu filosofin kanssa voi olla hauskaa, h\u00e4mment\u00e4v\u00e4\u00e4, lohduttavaa\n                      tai inspiroivaa.&nbsp;<\/p>\n                    <p>Ent\u00e4 haluaisitko tarjota yst\u00e4villesi unohtumattoman tilaisuuden filosofin johdolla? Sokraattinen ryhm\u00e4keskustelu voi olla mielt\u00e4 vahvistava, yst\u00e4vyytt\u00e4 yhdist\u00e4v\u00e4&nbsp;sek\u00e4 auttaa ymm\u00e4rt\u00e4m\u00e4\u00e4n toisen mielipiteit\u00e4.<\/p>\n                    <p>Filosofien vastaanotot ovat eritt\u00e4in suosittuja monissa maissa kuten esimerkiksi Saksassa ja Yhdysvalloissa. DenkenLassenin filosofitapaamiset ovat kaikille kohtuuhintaista. Hinnat alkaen 60 euroa tunti, el\u00e4kel\u00e4is- ja opiskelijahinta\n                      sovittaessa.<\/p>\n                    <p>Tapaamiset voidaan sopia DenkenLassenin tiloihin Espoon Kauklahteen, johonkin mieluisaan ymp\u00e4rist\u00f6\u00f6n tai toteuttaa k\u00e4velyn muodossa.<\/p>\n                  <\/div>\n                <\/div>\n              <\/div>\n            <\/div>\n          <\/div>\n        <\/div>\n      <\/div>\n    <\/div>\n  <\/div>\n  <div data-colibri-component=\"section\" data-colibri-id=\"489-c6\" id=\"custom-2\" class=\"h-section h-section-global-spacing d-flex align-items-lg-center align-items-md-center align-items-center style-276 style-local-489-c6 position-relative\">\n    <!---->\n    <!---->\n    <div class=\"h-section-grid-container h-section-boxed-container\">\n      <!---->\n      <div data-colibri-id=\"489-c7\" class=\"h-row-container gutters-row-lg-2 gutters-row-md-2 gutters-row-0 gutters-row-v-lg-2 gutters-row-v-md-2 gutters-row-v-2 style-279 style-local-489-c7 position-relative\">\n        <!---->\n        <div class=\"h-row justify-content-lg-center justify-content-md-center justify-content-center align-items-lg-stretch align-items-md-stretch align-items-stretch gutters-col-lg-2 gutters-col-md-2 gutters-col-0 gutters-col-v-lg-2 gutters-col-v-md-2 gutters-col-v-2\">\n          <!---->\n          <div class=\"h-column h-column-container d-flex h-col-lg-auto h-col-md-auto h-col-auto style-280-outer style-local-489-c8-outer\">\n            <div data-colibri-id=\"489-c8\" class=\"d-flex h-flex-basis h-column__inner h-px-lg-2 h-px-md-2 h-px-2 v-inner-lg-2 v-inner-md-2 v-inner-2 style-280 style-local-489-c8 position-relative\">\n              <!---->\n              <!---->\n              <div class=\"w-100 h-y-container h-column__content h-column__v-align flex-basis-100 align-self-lg-start align-self-md-start align-self-start\">\n                <!---->\n                <div data-colibri-id=\"489-c9\" class=\"h-text h-text-component style-281 style-local-489-c9 position-relative h-element\">\n                  <!---->\n                  <!---->\n                  <div class=\"\">\n                    <p>Filosofin vastaanotto sijaitsee Espoon Kauklahdessa hyvien kulkuyhteyksien \u00e4\u00e4rell\u00e4. <\/p>\n                    <p>Kulkeminen junalla ja bussilla onnistuu mainiosti. Omalla autolla kulkijalle on tarjolla parkkipaikka talon pihassa.<\/p>\n                    <p><strong>DenkenLassenin vastaanotto<\/strong>\n                      <br>osoite:&nbsp;<strong>Hansatie 14 B, 02780 Espoo<\/strong>&nbsp;(sis\u00e4\u00e4najo: pihatie oikealle B-taloon)&nbsp;\n                      <br>puhelin:&nbsp;<strong>050 3411003<\/strong>&nbsp;\n                      <br>s\u00e4hk\u00f6posti:&nbsp;<strong>lassenoy@gmail.com<\/strong>&nbsp;\n                      <br>Y-tunnus:&nbsp;<strong>3009079-9<\/strong><\/p>\n                    <p>\n                      <br>\n                    <\/p>\n                  <\/div>\n                <\/div>\n              <\/div>\n            <\/div>\n          <\/div>\n        <\/div>\n      <\/div>\n      <div data-colibri-id=\"489-c10\" class=\"h-row-container gutters-row-lg-2 gutters-row-md-2 gutters-row-0 gutters-row-v-lg-2 gutters-row-v-md-2 gutters-row-v-2 style-277 style-local-489-c10 position-relative\">\n        <!---->\n        <div class=\"h-row justify-content-lg-center justify-content-md-center justify-content-center align-items-lg-stretch align-items-md-stretch align-items-stretch gutters-col-lg-2 gutters-col-md-2 gutters-col-0 gutters-col-v-lg-2 gutters-col-v-md-2 gutters-col-v-2\">\n          <!---->\n          <div class=\"h-column h-column-container d-flex h-col-lg-auto h-col-md-auto h-col-auto style-278-outer style-local-489-c11-outer\">\n            <div data-colibri-id=\"489-c11\" class=\"d-flex h-flex-basis h-column__inner h-ui-empty-state-container h-px-lg-2 h-px-md-2 h-px-2 v-inner-lg-2 v-inner-md-2 v-inner-2 style-278 style-local-489-c11 position-relative\">\n              <!---->\n              <!---->\n              <div class=\"w-100 h-y-container h-column__content h-column__v-align flex-basis-100\">\n                <!---->\n              <\/div>\n            <\/div>\n          <\/div>\n        <\/div>\n      <\/div>\n    <\/div>\n  <\/div>\n<\/div>","protected":false},"excerpt":{"rendered":"<p>Ihmisill\u00e4 on lukuisia ja hyvin erilaisia syit\u00e4 pohtia asioita. Helpointa ja mukavinta on [&hellip;]<\/p>\n","protected":false},"author":1,"featured_media":0,"parent":0,"menu_order":0,"comment_status":"closed","ping_status":"closed","template":"page-templates\/full-width-page.php","meta":{"footnotes":""},"class_list":["post-489","page","type-page","status-publish","hentry"],"_links":{"self":[{"href":"https:\/\/www.lassenoy.fi\/index.php?rest_route=\/wp\/v2\/pages\/489","targetHints":{"allow":["GET"]}}],"collection":[{"href":"https:\/\/www.lassenoy.fi\/index.php?rest_route=\/wp\/v2\/pages"}],"about":[{"href":"https:\/\/www.lassenoy.fi\/index.php?rest_route=\/wp\/v2\/types\/page"}],"author":[{"embeddable":true,"href":"https:\/\/www.lassenoy.fi\/index.php?rest_route=\/wp\/v2\/users\/1"}],"replies":[{"embeddable":true,"href":"https:\/\/www.lassenoy.fi\/index.php?rest_route=%2Fwp%2Fv2%2Fcomments&post=489"}],"version-history":[{"count":6,"href":"https:\/\/www.lassenoy.fi\/index.php?rest_route=\/wp\/v2\/pages\/489\/revisions"}],"predecessor-version":[{"id":665,"href":"https:\/\/www.lassenoy.fi\/index.php?rest_route=\/wp\/v2\/pages\/489\/revisions\/665"}],"wp:attachment":[{"href":"https:\/\/www.lassenoy.fi\/index.php?rest_route=%2Fwp%2Fv2%2Fmedia&parent=489"}],"curies":[{"name":"wp","href":"https:\/\/api.w.org\/{rel}","templated":true}]}}